{"id":442,"date":"2022-02-17T18:07:43","date_gmt":"2022-02-17T18:07:43","guid":{"rendered":"https:\/\/jalpadecanovas.mx\/?page_id=442"},"modified":"2024-06-03T18:35:27","modified_gmt":"2024-06-03T18:35:27","slug":"historia","status":"publish","type":"page","link":"https:\/\/jalpadecanovas.mx\/?page_id=442","title":{"rendered":"Jalpa"},"content":{"rendered":"\t\t<div data-elementor-type=\"wp-page\" data-elementor-id=\"442\" class=\"elementor elementor-442\" data-elementor-settings=\"[]\">\n\t\t\t\t\t\t\t<div class=\"elementor-section-wrap\">\n\t\t\t\t\t\t\t<section class=\"elementor-section elementor-top-section elementor-element elementor-element-bcad1d8 elementor-section-boxed elementor-section-height-default elementor-section-height-default\" data-id=\"bcad1d8\" data-element_type=\"section\" data-settings=\"{&quot;background_background&quot;:&quot;classic&quot;}\">\n\t\t\t\t\t\t\t<div class=\"elementor-background-overlay\"><\/div>\n\t\t\t\t\t\t\t<div class=\"elementor-container elementor-column-gap-default\">\n\t\t\t\t\t<div class=\"elementor-column elementor-col-100 elementor-top-column elementor-element elementor-element-ca97a4c\" data-id=\"ca97a4c\" data-element_type=\"column\">\n\t\t\t<div class=\"elementor-widget-wrap elementor-element-populated\">\n\t\t\t\t\t\t\t\t<div class=\"elementor-element elementor-element-9458e7c animated-slow elementor-invisible elementor-widget elementor-widget-heading\" data-id=\"9458e7c\" data-element_type=\"widget\" data-settings=\"{&quot;_animation&quot;:&quot;slideInDown&quot;}\" data-widget_type=\"heading.default\">\n\t\t\t\t<div class=\"elementor-widget-container\">\n\t\t\t<style>\/*! elementor - v3.5.5 - 03-02-2022 *\/\n.elementor-heading-title{padding:0;margin:0;line-height:1}.elementor-widget-heading .elementor-heading-title[class*=elementor-size-]>a{color:inherit;font-size:inherit;line-height:inherit}.elementor-widget-heading .elementor-heading-title.elementor-size-small{font-size:15px}.elementor-widget-heading .elementor-heading-title.elementor-size-medium{font-size:19px}.elementor-widget-heading .elementor-heading-title.elementor-size-large{font-size:29px}.elementor-widget-heading .elementor-heading-title.elementor-size-xl{font-size:39px}.elementor-widget-heading .elementor-heading-title.elementor-size-xxl{font-size:59px}<\/style><h1 class=\"elementor-heading-title elementor-size-default\">HISTORIA<\/h1>\t\t<\/div>\n\t\t\t\t<\/div>\n\t\t\t\t<div class=\"elementor-element elementor-element-cc4f112 elementor-widget elementor-widget-text-editor\" data-id=\"cc4f112\" data-element_type=\"widget\" data-widget_type=\"text-editor.default\">\n\t\t\t\t<div class=\"elementor-widget-container\">\n\t\t\t<style>\/*! elementor - v3.5.5 - 03-02-2022 *\/\n.elementor-widget-text-editor.elementor-drop-cap-view-stacked .elementor-drop-cap{background-color:#818a91;color:#fff}.elementor-widget-text-editor.elementor-drop-cap-view-framed .elementor-drop-cap{color:#818a91;border:3px solid;background-color:transparent}.elementor-widget-text-editor:not(.elementor-drop-cap-view-default) .elementor-drop-cap{margin-top:8px}.elementor-widget-text-editor:not(.elementor-drop-cap-view-default) .elementor-drop-cap-letter{width:1em;height:1em}.elementor-widget-text-editor .elementor-drop-cap{float:left;text-align:center;line-height:1;font-size:50px}.elementor-widget-text-editor .elementor-drop-cap-letter{display:inline-block}<\/style>\t\t\t\t\t\t\t\t\t\t<\/div>\n\t\t\t\t<\/div>\n\t\t\t\t\t<\/div>\n\t\t<\/div>\n\t\t\t\t\t\t\t<\/div>\n\t\t<\/section>\n\t\t\t\t<section class=\"elementor-section elementor-top-section elementor-element elementor-element-ab4708d elementor-section-boxed elementor-section-height-default elementor-section-height-default\" data-id=\"ab4708d\" data-element_type=\"section\">\n\t\t\t\t\t\t<div class=\"elementor-container elementor-column-gap-default\">\n\t\t\t\t\t<div class=\"elementor-column elementor-col-100 elementor-top-column elementor-element elementor-element-4b78458\" data-id=\"4b78458\" data-element_type=\"column\">\n\t\t\t<div class=\"elementor-widget-wrap elementor-element-populated\">\n\t\t\t\t\t\t\t\t<div class=\"elementor-element elementor-element-6f44fb3 elementor-widget elementor-widget-spacer\" data-id=\"6f44fb3\" data-element_type=\"widget\" data-widget_type=\"spacer.default\">\n\t\t\t\t<div class=\"elementor-widget-container\">\n\t\t\t\t\t<div class=\"elementor-spacer\">\n\t\t\t<div class=\"elementor-spacer-inner\"><\/div>\n\t\t<\/div>\n\t\t\t\t<\/div>\n\t\t\t\t<\/div>\n\t\t\t\t\t<\/div>\n\t\t<\/div>\n\t\t\t\t\t\t\t<\/div>\n\t\t<\/section>\n\t\t\t\t<section class=\"elementor-section elementor-top-section elementor-element elementor-element-952d4fe elementor-section-boxed elementor-section-height-default elementor-section-height-default\" data-id=\"952d4fe\" data-element_type=\"section\">\n\t\t\t\t\t\t<div class=\"elementor-container elementor-column-gap-default\">\n\t\t\t\t\t<div class=\"elementor-column elementor-col-100 elementor-top-column elementor-element elementor-element-124cb07\" data-id=\"124cb07\" data-element_type=\"column\">\n\t\t\t<div class=\"elementor-widget-wrap elementor-element-populated\">\n\t\t\t\t\t\t\t\t<section class=\"elementor-section elementor-inner-section elementor-element elementor-element-c7226e8 elementor-section-boxed elementor-section-height-default elementor-section-height-default\" data-id=\"c7226e8\" data-element_type=\"section\">\n\t\t\t\t\t\t<div class=\"elementor-container elementor-column-gap-default\">\n\t\t\t\t\t<div class=\"elementor-column elementor-col-66 elementor-inner-column elementor-element elementor-element-768de54\" data-id=\"768de54\" data-element_type=\"column\">\n\t\t\t<div class=\"elementor-widget-wrap elementor-element-populated\">\n\t\t\t\t\t\t\t\t<div class=\"elementor-element elementor-element-1dfc5e3 elementor-drop-cap-yes elementor-drop-cap-view-default elementor-widget elementor-widget-text-editor\" data-id=\"1dfc5e3\" data-element_type=\"widget\" data-settings=\"{&quot;drop_cap&quot;:&quot;yes&quot;}\" data-widget_type=\"text-editor.default\">\n\t\t\t\t<div class=\"elementor-widget-container\">\n\t\t\t\t\t\t\t<p>Jalpa de C\u00e1novas naci\u00f3 como hacienda en el siglo XVI, cuando Juan Villase\u00f1or obtuvo cuatro sitios para ganado mayor y ocho caballer\u00edas de tierra, en la Villa de Lagos. Fue en el siglo XVII cuando esta prosper\u00f3 y comenz\u00f3 a cambiar de due\u00f1os, hasta que, a mediados del siglo XIX, la adquiri\u00f3 Manuel C\u00e1novas para llevarla a su mayor auge agr\u00edcola y ganadero.<\/p><p>Durante el Porfiriato y bajo el mando de Guadalupe C\u00e1novas, la Hacienda de C\u00e1novas se convirti\u00f3 en una de las m\u00e1s grandes del Baj\u00edo, sobresaliendo por la productividad de sus tierras y por la introducci\u00f3n de novedosos m\u00e9todos de irrigaci\u00f3n a trav\u00e9s de presas y canales.<\/p><p>Casada con \u00d3scar Braniff, la hacendada y su marido a la par que impulsaron la siembra de trigo y la producci\u00f3n de cereales, as\u00ed como el cultivo de huertas de membrillo y nueces, principalmente, construyeron la presa, el templo de la misericordia y llevaron la luz el\u00e9ctrica al pueblo; adem\u00e1s de que intentaron conectar por tren, Jalpa con San Francisco del Rinc\u00f3n.<\/p><p>Despu\u00e9s de la Revoluci\u00f3n de 1910, la hacienda fue fraccionada y vendida, salvo el casco de la hacienda, que permaneci\u00f3 en manos de los descendientes Braniff \u2013 C\u00e1novas.<\/p>\t\t\t\t\t\t<\/div>\n\t\t\t\t<\/div>\n\t\t\t\t\t<\/div>\n\t\t<\/div>\n\t\t\t\t<div class=\"elementor-column elementor-col-33 elementor-inner-column elementor-element elementor-element-08536f7\" data-id=\"08536f7\" data-element_type=\"column\">\n\t\t\t<div class=\"elementor-widget-wrap elementor-element-populated\">\n\t\t\t\t\t\t\t\t<div class=\"elementor-element elementor-element-954e665 animated-slow elementor-invisible elementor-widget elementor-widget-image\" data-id=\"954e665\" data-element_type=\"widget\" data-settings=\"{&quot;_animation&quot;:&quot;zoomIn&quot;}\" data-widget_type=\"image.default\">\n\t\t\t\t<div class=\"elementor-widget-container\">\n\t\t\t<style>\/*! elementor - v3.5.5 - 03-02-2022 *\/\n.elementor-widget-image{text-align:center}.elementor-widget-image a{display:inline-block}.elementor-widget-image a img[src$=\".svg\"]{width:48px}.elementor-widget-image img{vertical-align:middle;display:inline-block}<\/style>\t\t\t\t\t\t\t\t\t<figure class=\"wp-caption\">\n\t\t\t\t\t\t\t\t\t\t<img loading=\"lazy\" decoding=\"async\" width=\"480\" height=\"360\" data-src=\"https:\/\/jalpadecanovas.mx\/wp-content\/uploads\/2022\/04\/fjardin.jpg\" class=\"attachment-large size-large lazyload\" alt=\"\" data-srcset=\"https:\/\/jalpadecanovas.mx\/wp-content\/uploads\/2022\/04\/fjardin.jpg 480w, https:\/\/jalpadecanovas.mx\/wp-content\/uploads\/2022\/04\/fjardin-300x225.jpg 300w, https:\/\/jalpadecanovas.mx\/wp-content\/uploads\/2022\/04\/fjardin-20x15.jpg 20w\" data-sizes=\"auto, (max-width: 480px) 100vw, 480px\" src=\"data:image\/gif;base64,R0lGODlhAQABAAAAACH5BAEKAAEALAAAAAABAAEAAAICTAEAOw==\" style=\"--smush-placeholder-width: 480px; --smush-placeholder-aspect-ratio: 480\/360;\" \/><noscript><img loading=\"lazy\" decoding=\"async\" width=\"480\" height=\"360\" src=\"https:\/\/jalpadecanovas.mx\/wp-content\/uploads\/2022\/04\/fjardin.jpg\" class=\"attachment-large size-large\" alt=\"\" srcset=\"https:\/\/jalpadecanovas.mx\/wp-content\/uploads\/2022\/04\/fjardin.jpg 480w, https:\/\/jalpadecanovas.mx\/wp-content\/uploads\/2022\/04\/fjardin-300x225.jpg 300w, https:\/\/jalpadecanovas.mx\/wp-content\/uploads\/2022\/04\/fjardin-20x15.jpg 20w\" sizes=\"auto, (max-width: 480px) 100vw, 480px\" \/><\/noscript>\t\t\t\t\t\t\t\t\t\t\t<figcaption class=\"widget-image-caption wp-caption-text\">Kiosko principal<\/figcaption>\n\t\t\t\t\t\t\t\t\t\t<\/figure>\n\t\t\t\t\t\t\t\t\t<\/div>\n\t\t\t\t<\/div>\n\t\t\t\t\t<\/div>\n\t\t<\/div>\n\t\t\t\t\t\t\t<\/div>\n\t\t<\/section>\n\t\t\t\t\t<\/div>\n\t\t<\/div>\n\t\t\t\t\t\t\t<\/div>\n\t\t<\/section>\n\t\t\t\t<section class=\"elementor-section elementor-top-section elementor-element elementor-element-5e61a72 animated-slow elementor-section-boxed elementor-section-height-default elementor-section-height-default elementor-invisible\" data-id=\"5e61a72\" data-element_type=\"section\" data-settings=\"{&quot;animation&quot;:&quot;zoomIn&quot;,&quot;animation_delay&quot;:10}\">\n\t\t\t\t\t\t<div class=\"elementor-container elementor-column-gap-default\">\n\t\t\t\t\t<div class=\"elementor-column elementor-col-33 elementor-top-column elementor-element elementor-element-1333d1b\" data-id=\"1333d1b\" data-element_type=\"column\">\n\t\t\t<div class=\"elementor-widget-wrap elementor-element-populated\">\n\t\t\t\t\t\t\t\t<div class=\"elementor-element elementor-element-4d84e1d elementor-widget elementor-widget-image\" data-id=\"4d84e1d\" data-element_type=\"widget\" data-widget_type=\"image.default\">\n\t\t\t\t<div class=\"elementor-widget-container\">\n\t\t\t\t\t\t\t\t\t\t\t\t<figure class=\"wp-caption\">\n\t\t\t\t\t\t\t\t\t\t<img loading=\"lazy\" decoding=\"async\" width=\"391\" height=\"260\" data-src=\"https:\/\/jalpadecanovas.mx\/wp-content\/uploads\/2022\/04\/fparquelineal-391x260.jpg\" class=\"attachment-gridsquare size-gridsquare lazyload\" alt=\"\" src=\"data:image\/gif;base64,R0lGODlhAQABAAAAACH5BAEKAAEALAAAAAABAAEAAAICTAEAOw==\" style=\"--smush-placeholder-width: 391px; --smush-placeholder-aspect-ratio: 391\/260;\" \/><noscript><img loading=\"lazy\" decoding=\"async\" width=\"391\" height=\"260\" src=\"https:\/\/jalpadecanovas.mx\/wp-content\/uploads\/2022\/04\/fparquelineal-391x260.jpg\" class=\"attachment-gridsquare size-gridsquare\" alt=\"\" \/><\/noscript>\t\t\t\t\t\t\t\t\t\t\t<figcaption class=\"widget-image-caption wp-caption-text\">Sendero lineal<\/figcaption>\n\t\t\t\t\t\t\t\t\t\t<\/figure>\n\t\t\t\t\t\t\t\t\t<\/div>\n\t\t\t\t<\/div>\n\t\t\t\t\t<\/div>\n\t\t<\/div>\n\t\t\t\t<div class=\"elementor-column elementor-col-33 elementor-top-column elementor-element elementor-element-0422249\" data-id=\"0422249\" data-element_type=\"column\">\n\t\t\t<div class=\"elementor-widget-wrap elementor-element-populated\">\n\t\t\t\t\t\t\t\t<div class=\"elementor-element elementor-element-ad046bf elementor-widget elementor-widget-image\" data-id=\"ad046bf\" data-element_type=\"widget\" data-widget_type=\"image.default\">\n\t\t\t\t<div class=\"elementor-widget-container\">\n\t\t\t\t\t\t\t\t\t\t\t\t<figure class=\"wp-caption\">\n\t\t\t\t\t\t\t\t\t\t<img loading=\"lazy\" decoding=\"async\" width=\"391\" height=\"260\" data-src=\"https:\/\/jalpadecanovas.mx\/wp-content\/uploads\/2022\/04\/fquiosco-391x260.jpg\" class=\"attachment-gridsquare size-gridsquare lazyload\" alt=\"\" src=\"data:image\/gif;base64,R0lGODlhAQABAAAAACH5BAEKAAEALAAAAAABAAEAAAICTAEAOw==\" style=\"--smush-placeholder-width: 391px; --smush-placeholder-aspect-ratio: 391\/260;\" \/><noscript><img loading=\"lazy\" decoding=\"async\" width=\"391\" height=\"260\" src=\"https:\/\/jalpadecanovas.mx\/wp-content\/uploads\/2022\/04\/fquiosco-391x260.jpg\" class=\"attachment-gridsquare size-gridsquare\" alt=\"\" \/><\/noscript>\t\t\t\t\t\t\t\t\t\t\t<figcaption class=\"widget-image-caption wp-caption-text\">Jardin principal<\/figcaption>\n\t\t\t\t\t\t\t\t\t\t<\/figure>\n\t\t\t\t\t\t\t\t\t<\/div>\n\t\t\t\t<\/div>\n\t\t\t\t\t<\/div>\n\t\t<\/div>\n\t\t\t\t<div class=\"elementor-column elementor-col-33 elementor-top-column elementor-element elementor-element-4c1182b\" data-id=\"4c1182b\" data-element_type=\"column\">\n\t\t\t<div class=\"elementor-widget-wrap elementor-element-populated\">\n\t\t\t\t\t\t\t\t<div class=\"elementor-element elementor-element-0f4436c elementor-widget elementor-widget-image\" data-id=\"0f4436c\" data-element_type=\"widget\" data-widget_type=\"image.default\">\n\t\t\t\t<div class=\"elementor-widget-container\">\n\t\t\t\t\t\t\t\t\t\t\t\t<figure class=\"wp-caption\">\n\t\t\t\t\t\t\t\t\t\t<img loading=\"lazy\" decoding=\"async\" width=\"391\" height=\"260\" data-src=\"https:\/\/jalpadecanovas.mx\/wp-content\/uploads\/2022\/04\/fpresanueva-391x260.jpg\" class=\"attachment-gridsquare size-gridsquare lazyload\" alt=\"\" src=\"data:image\/gif;base64,R0lGODlhAQABAAAAACH5BAEKAAEALAAAAAABAAEAAAICTAEAOw==\" style=\"--smush-placeholder-width: 391px; --smush-placeholder-aspect-ratio: 391\/260;\" \/><noscript><img loading=\"lazy\" decoding=\"async\" width=\"391\" height=\"260\" src=\"https:\/\/jalpadecanovas.mx\/wp-content\/uploads\/2022\/04\/fpresanueva-391x260.jpg\" class=\"attachment-gridsquare size-gridsquare\" alt=\"\" \/><\/noscript>\t\t\t\t\t\t\t\t\t\t\t<figcaption class=\"widget-image-caption wp-caption-text\">Presa nueva<\/figcaption>\n\t\t\t\t\t\t\t\t\t\t<\/figure>\n\t\t\t\t\t\t\t\t\t<\/div>\n\t\t\t\t<\/div>\n\t\t\t\t\t<\/div>\n\t\t<\/div>\n\t\t\t\t\t\t\t<\/div>\n\t\t<\/section>\n\t\t\t\t<section class=\"elementor-section elementor-top-section elementor-element elementor-element-e8489c4 elementor-section-boxed elementor-section-height-default elementor-section-height-default\" data-id=\"e8489c4\" data-element_type=\"section\">\n\t\t\t\t\t\t<div class=\"elementor-container elementor-column-gap-default\">\n\t\t\t\t\t<div class=\"elementor-column elementor-col-100 elementor-top-column elementor-element elementor-element-e8d3965\" data-id=\"e8d3965\" data-element_type=\"column\">\n\t\t\t<div class=\"elementor-widget-wrap elementor-element-populated\">\n\t\t\t\t\t\t\t\t<div class=\"elementor-element elementor-element-422d52a elementor-widget elementor-widget-spacer\" data-id=\"422d52a\" data-element_type=\"widget\" data-widget_type=\"spacer.default\">\n\t\t\t\t<div class=\"elementor-widget-container\">\n\t\t\t\t\t<div class=\"elementor-spacer\">\n\t\t\t<div class=\"elementor-spacer-inner\"><\/div>\n\t\t<\/div>\n\t\t\t\t<\/div>\n\t\t\t\t<\/div>\n\t\t\t\t\t<\/div>\n\t\t<\/div>\n\t\t\t\t\t\t\t<\/div>\n\t\t<\/section>\n\t\t\t\t\t\t<\/div>\n\t\t\t\t\t<\/div>\n\t\t","protected":false},"excerpt":{"rendered":"<p>HISTORIA Jalpa de C\u00e1novas naci\u00f3 como hacienda en el siglo XVI, cuando Juan Villase\u00f1or obtuvo cuatro sitios para ganado mayor y ocho caballer\u00edas de tierra, en la Villa de Lagos. Fue en el siglo XVII cuando esta prosper\u00f3 y comenz\u00f3 a cambiar de due\u00f1os, hasta que, a mediados del siglo XIX, la adquiri\u00f3 Manuel C\u00e1novas &hellip;<\/p>\n<p class=\"read-more\"> <a class=\"\" href=\"https:\/\/jalpadecanovas.mx\/?page_id=442\"> <span class=\"screen-reader-text\">Jalpa<\/span> Leer m\u00e1s &raquo;<\/a><\/p>\n","protected":false},"author":1,"featured_media":0,"parent":0,"menu_order":0,"comment_status":"closed","ping_status":"closed","template":"elementor_header_footer","meta":{"site-sidebar-layout":"no-sidebar","site-content-layout":"page-builder","ast-main-header-display":"","ast-hfb-above-header-display":"","ast-hfb-below-header-display":"","ast-hfb-mobile-header-display":"","site-post-title":"disabled","ast-breadcrumbs-content":"","ast-featured-img":"disabled","footer-sml-layout":"","theme-transparent-header-meta":"enabled","adv-header-id-meta":"","stick-header-meta":"","header-above-stick-meta":"","header-main-stick-meta":"","header-below-stick-meta":"","footnotes":""},"class_list":["post-442","page","type-page","status-publish","hentry"],"yoast_head":"<!-- This site is optimized with the Yoast SEO plugin v22.8 - https:\/\/yoast.com\/wordpress\/plugins\/seo\/ -->\n<title>Jalpa - Jalpa de C\u00e1novas | Pueblo M\u00e1gico<\/title>\n<meta name=\"description\" content=\"Sum\u00e9rgete en el lujo hist\u00f3rico de jalpa de c\u00e1novas, donde cada detalle cuenta una historia que te transporta en el tiempo.\" \/>\n<meta name=\"robots\" content=\"index, follow, max-snippet:-1, max-image-preview:large, max-video-preview:-1\" \/>\n<link rel=\"canonical\" href=\"https:\/\/jalpadecanovas.mx\/?page_id=442\" \/>\n<meta property=\"og:locale\" content=\"es_MX\" \/>\n<meta property=\"og:type\" content=\"article\" \/>\n<meta property=\"og:title\" content=\"Jalpa - Jalpa de C\u00e1novas | Pueblo M\u00e1gico\" \/>\n<meta property=\"og:description\" content=\"Sum\u00e9rgete en el lujo hist\u00f3rico de jalpa de c\u00e1novas, donde cada detalle cuenta una historia que te transporta en el tiempo.\" \/>\n<meta property=\"og:url\" content=\"https:\/\/jalpadecanovas.mx\/?page_id=442\" \/>\n<meta property=\"og:site_name\" content=\"Jalpa de C\u00e1novas | Pueblo M\u00e1gico\" \/>\n<meta property=\"article:publisher\" content=\"https:\/\/www.facebook.com\/JALPAMAGICO\/\" \/>\n<meta property=\"article:modified_time\" content=\"2024-06-03T18:35:27+00:00\" \/>\n<meta property=\"og:image\" content=\"https:\/\/jalpadecanovas.mx\/wp-content\/uploads\/2022\/04\/fjardin.jpg\" \/>\n<meta name=\"twitter:card\" content=\"summary_large_image\" \/>\n<meta name=\"twitter:label1\" content=\"Tiempo de lectura\" \/>\n\t<meta name=\"twitter:data1\" content=\"2 minutos\" \/>\n<script type=\"application\/ld+json\" class=\"yoast-schema-graph\">{\"@context\":\"https:\/\/schema.org\",\"@graph\":[{\"@type\":\"WebPage\",\"@id\":\"https:\/\/jalpadecanovas.mx\/?page_id=442\",\"url\":\"https:\/\/jalpadecanovas.mx\/?page_id=442\",\"name\":\"Jalpa - Jalpa de C\u00e1novas | Pueblo M\u00e1gico\",\"isPartOf\":{\"@id\":\"https:\/\/jalpadecanovas.mx\/#website\"},\"primaryImageOfPage\":{\"@id\":\"https:\/\/jalpadecanovas.mx\/?page_id=442#primaryimage\"},\"image\":{\"@id\":\"https:\/\/jalpadecanovas.mx\/?page_id=442#primaryimage\"},\"thumbnailUrl\":\"https:\/\/jalpadecanovas.mx\/wp-content\/uploads\/2022\/04\/fjardin.jpg\",\"datePublished\":\"2022-02-17T18:07:43+00:00\",\"dateModified\":\"2024-06-03T18:35:27+00:00\",\"description\":\"Sum\u00e9rgete en el lujo hist\u00f3rico de jalpa de c\u00e1novas, donde cada detalle cuenta una historia que te transporta en el tiempo.\",\"breadcrumb\":{\"@id\":\"https:\/\/jalpadecanovas.mx\/?page_id=442#breadcrumb\"},\"inLanguage\":\"es\",\"potentialAction\":[{\"@type\":\"ReadAction\",\"target\":[\"https:\/\/jalpadecanovas.mx\/?page_id=442\"]}]},{\"@type\":\"ImageObject\",\"inLanguage\":\"es\",\"@id\":\"https:\/\/jalpadecanovas.mx\/?page_id=442#primaryimage\",\"url\":\"https:\/\/jalpadecanovas.mx\/wp-content\/uploads\/2022\/04\/fjardin.jpg\",\"contentUrl\":\"https:\/\/jalpadecanovas.mx\/wp-content\/uploads\/2022\/04\/fjardin.jpg\",\"width\":480,\"height\":360},{\"@type\":\"BreadcrumbList\",\"@id\":\"https:\/\/jalpadecanovas.mx\/?page_id=442#breadcrumb\",\"itemListElement\":[{\"@type\":\"ListItem\",\"position\":1,\"name\":\"Inicio\",\"item\":\"https:\/\/jalpadecanovas.mx\/\"},{\"@type\":\"ListItem\",\"position\":2,\"name\":\"Jalpa\"}]},{\"@type\":\"WebSite\",\"@id\":\"https:\/\/jalpadecanovas.mx\/#website\",\"url\":\"https:\/\/jalpadecanovas.mx\/\",\"name\":\"Jalpa de C\u00e1novas | Pueblo M\u00e1gico\",\"description\":\"Jalpa de C\u00e1novas Pueblo M\u00e1gico, Pur\u00edsima del Rinc\u00f3n, Guanajuato. Sitio oficial\",\"publisher\":{\"@id\":\"https:\/\/jalpadecanovas.mx\/#organization\"},\"potentialAction\":[{\"@type\":\"SearchAction\",\"target\":{\"@type\":\"EntryPoint\",\"urlTemplate\":\"https:\/\/jalpadecanovas.mx\/?s={search_term_string}\"},\"query-input\":\"required name=search_term_string\"}],\"inLanguage\":\"es\"},{\"@type\":\"Organization\",\"@id\":\"https:\/\/jalpadecanovas.mx\/#organization\",\"name\":\"Municipio de Pur\u00edsima del Rinc\u00f3n\",\"url\":\"https:\/\/jalpadecanovas.mx\/\",\"logo\":{\"@type\":\"ImageObject\",\"inLanguage\":\"es\",\"@id\":\"https:\/\/jalpadecanovas.mx\/#\/schema\/logo\/image\/\",\"url\":\"https:\/\/jalpadecanovas.mx\/wp-content\/uploads\/2022\/07\/PAGINA-13.png\",\"contentUrl\":\"https:\/\/jalpadecanovas.mx\/wp-content\/uploads\/2022\/07\/PAGINA-13.png\",\"width\":873,\"height\":343,\"caption\":\"Municipio de Pur\u00edsima del Rinc\u00f3n\"},\"image\":{\"@id\":\"https:\/\/jalpadecanovas.mx\/#\/schema\/logo\/image\/\"},\"sameAs\":[\"https:\/\/www.facebook.com\/JALPAMAGICO\/\",\"https:\/\/www.instagram.com\/jalpamagico\/?utm_medium=copy_link\"]}]}<\/script>\n<!-- \/ Yoast SEO plugin. -->","yoast_head_json":{"title":"Jalpa - Jalpa de C\u00e1novas | Pueblo M\u00e1gico","description":"Sum\u00e9rgete en el lujo hist\u00f3rico de jalpa de c\u00e1novas, donde cada detalle cuenta una historia que te transporta en el tiempo.","robots":{"index":"index","follow":"follow","max-snippet":"max-snippet:-1","max-image-preview":"max-image-preview:large","max-video-preview":"max-video-preview:-1"},"canonical":"https:\/\/jalpadecanovas.mx\/?page_id=442","og_locale":"es_MX","og_type":"article","og_title":"Jalpa - Jalpa de C\u00e1novas | Pueblo M\u00e1gico","og_description":"Sum\u00e9rgete en el lujo hist\u00f3rico de jalpa de c\u00e1novas, donde cada detalle cuenta una historia que te transporta en el tiempo.","og_url":"https:\/\/jalpadecanovas.mx\/?page_id=442","og_site_name":"Jalpa de C\u00e1novas | Pueblo M\u00e1gico","article_publisher":"https:\/\/www.facebook.com\/JALPAMAGICO\/","article_modified_time":"2024-06-03T18:35:27+00:00","og_image":[{"url":"https:\/\/jalpadecanovas.mx\/wp-content\/uploads\/2022\/04\/fjardin.jpg"}],"twitter_card":"summary_large_image","twitter_misc":{"Tiempo de lectura":"2 minutos"},"schema":{"@context":"https:\/\/schema.org","@graph":[{"@type":"WebPage","@id":"https:\/\/jalpadecanovas.mx\/?page_id=442","url":"https:\/\/jalpadecanovas.mx\/?page_id=442","name":"Jalpa - Jalpa de C\u00e1novas | Pueblo M\u00e1gico","isPartOf":{"@id":"https:\/\/jalpadecanovas.mx\/#website"},"primaryImageOfPage":{"@id":"https:\/\/jalpadecanovas.mx\/?page_id=442#primaryimage"},"image":{"@id":"https:\/\/jalpadecanovas.mx\/?page_id=442#primaryimage"},"thumbnailUrl":"https:\/\/jalpadecanovas.mx\/wp-content\/uploads\/2022\/04\/fjardin.jpg","datePublished":"2022-02-17T18:07:43+00:00","dateModified":"2024-06-03T18:35:27+00:00","description":"Sum\u00e9rgete en el lujo hist\u00f3rico de jalpa de c\u00e1novas, donde cada detalle cuenta una historia que te transporta en el tiempo.","breadcrumb":{"@id":"https:\/\/jalpadecanovas.mx\/?page_id=442#breadcrumb"},"inLanguage":"es","potentialAction":[{"@type":"ReadAction","target":["https:\/\/jalpadecanovas.mx\/?page_id=442"]}]},{"@type":"ImageObject","inLanguage":"es","@id":"https:\/\/jalpadecanovas.mx\/?page_id=442#primaryimage","url":"https:\/\/jalpadecanovas.mx\/wp-content\/uploads\/2022\/04\/fjardin.jpg","contentUrl":"https:\/\/jalpadecanovas.mx\/wp-content\/uploads\/2022\/04\/fjardin.jpg","width":480,"height":360},{"@type":"BreadcrumbList","@id":"https:\/\/jalpadecanovas.mx\/?page_id=442#breadcrumb","itemListElement":[{"@type":"ListItem","position":1,"name":"Inicio","item":"https:\/\/jalpadecanovas.mx\/"},{"@type":"ListItem","position":2,"name":"Jalpa"}]},{"@type":"WebSite","@id":"https:\/\/jalpadecanovas.mx\/#website","url":"https:\/\/jalpadecanovas.mx\/","name":"Jalpa de C\u00e1novas | Pueblo M\u00e1gico","description":"Jalpa de C\u00e1novas Pueblo M\u00e1gico, Pur\u00edsima del Rinc\u00f3n, Guanajuato. Sitio oficial","publisher":{"@id":"https:\/\/jalpadecanovas.mx\/#organization"},"potentialAction":[{"@type":"SearchAction","target":{"@type":"EntryPoint","urlTemplate":"https:\/\/jalpadecanovas.mx\/?s={search_term_string}"},"query-input":"required name=search_term_string"}],"inLanguage":"es"},{"@type":"Organization","@id":"https:\/\/jalpadecanovas.mx\/#organization","name":"Municipio de Pur\u00edsima del Rinc\u00f3n","url":"https:\/\/jalpadecanovas.mx\/","logo":{"@type":"ImageObject","inLanguage":"es","@id":"https:\/\/jalpadecanovas.mx\/#\/schema\/logo\/image\/","url":"https:\/\/jalpadecanovas.mx\/wp-content\/uploads\/2022\/07\/PAGINA-13.png","contentUrl":"https:\/\/jalpadecanovas.mx\/wp-content\/uploads\/2022\/07\/PAGINA-13.png","width":873,"height":343,"caption":"Municipio de Pur\u00edsima del Rinc\u00f3n"},"image":{"@id":"https:\/\/jalpadecanovas.mx\/#\/schema\/logo\/image\/"},"sameAs":["https:\/\/www.facebook.com\/JALPAMAGICO\/","https:\/\/www.instagram.com\/jalpamagico\/?utm_medium=copy_link"]}]}},"_links":{"self":[{"href":"https:\/\/jalpadecanovas.mx\/index.php?rest_route=\/wp\/v2\/pages\/442","targetHints":{"allow":["GET"]}}],"collection":[{"href":"https:\/\/jalpadecanovas.mx\/index.php?rest_route=\/wp\/v2\/pages"}],"about":[{"href":"https:\/\/jalpadecanovas.mx\/index.php?rest_route=\/wp\/v2\/types\/page"}],"author":[{"embeddable":true,"href":"https:\/\/jalpadecanovas.mx\/index.php?rest_route=\/wp\/v2\/users\/1"}],"replies":[{"embeddable":true,"href":"https:\/\/jalpadecanovas.mx\/index.php?rest_route=%2Fwp%2Fv2%2Fcomments&post=442"}],"version-history":[{"count":51,"href":"https:\/\/jalpadecanovas.mx\/index.php?rest_route=\/wp\/v2\/pages\/442\/revisions"}],"predecessor-version":[{"id":1471,"href":"https:\/\/jalpadecanovas.mx\/index.php?rest_route=\/wp\/v2\/pages\/442\/revisions\/1471"}],"wp:attachment":[{"href":"https:\/\/jalpadecanovas.mx\/index.php?rest_route=%2Fwp%2Fv2%2Fmedia&parent=442"}],"curies":[{"name":"wp","href":"https:\/\/api.w.org\/{rel}","templated":true}]}}