{"id":622,"date":"2022-02-21T16:39:41","date_gmt":"2022-02-21T16:39:41","guid":{"rendered":"https:\/\/jalpadecanovas.mx\/?page_id=622"},"modified":"2024-06-06T19:31:17","modified_gmt":"2024-06-06T19:31:17","slug":"mapa-turistico","status":"publish","type":"page","link":"https:\/\/jalpadecanovas.mx\/?page_id=622","title":{"rendered":"MAPA TUR\u00cdSTICO"},"content":{"rendered":"\t\t<div data-elementor-type=\"wp-page\" data-elementor-id=\"622\" class=\"elementor elementor-622\" data-elementor-settings=\"[]\">\n\t\t\t\t\t\t\t<div class=\"elementor-section-wrap\">\n\t\t\t\t\t\t\t<section class=\"elementor-section elementor-top-section elementor-element elementor-element-191bbee elementor-section-boxed elementor-section-height-default elementor-section-height-default\" data-id=\"191bbee\" data-element_type=\"section\" data-settings=\"{&quot;background_background&quot;:&quot;classic&quot;}\">\n\t\t\t\t\t\t\t<div class=\"elementor-background-overlay\"><\/div>\n\t\t\t\t\t\t\t<div class=\"elementor-container elementor-column-gap-default\">\n\t\t\t\t\t<div class=\"elementor-column elementor-col-100 elementor-top-column elementor-element elementor-element-3ac1dce\" data-id=\"3ac1dce\" data-element_type=\"column\">\n\t\t\t<div class=\"elementor-widget-wrap elementor-element-populated\">\n\t\t\t\t\t\t\t\t<div class=\"elementor-element elementor-element-3cbdea3 animated-slow elementor-invisible elementor-widget elementor-widget-heading\" data-id=\"3cbdea3\" data-element_type=\"widget\" data-settings=\"{&quot;_animation&quot;:&quot;slideInDown&quot;}\" data-widget_type=\"heading.default\">\n\t\t\t\t<div class=\"elementor-widget-container\">\n\t\t\t<style>\/*! elementor - v3.5.5 - 03-02-2022 *\/\n.elementor-heading-title{padding:0;margin:0;line-height:1}.elementor-widget-heading .elementor-heading-title[class*=elementor-size-]>a{color:inherit;font-size:inherit;line-height:inherit}.elementor-widget-heading .elementor-heading-title.elementor-size-small{font-size:15px}.elementor-widget-heading .elementor-heading-title.elementor-size-medium{font-size:19px}.elementor-widget-heading .elementor-heading-title.elementor-size-large{font-size:29px}.elementor-widget-heading .elementor-heading-title.elementor-size-xl{font-size:39px}.elementor-widget-heading .elementor-heading-title.elementor-size-xxl{font-size:59px}<\/style><h1 class=\"elementor-heading-title elementor-size-default\">MAPA TUR\u00cdSTICO<\/h1>\t\t<\/div>\n\t\t\t\t<\/div>\n\t\t\t\t<div class=\"elementor-element elementor-element-a441594 elementor-widget elementor-widget-text-editor\" data-id=\"a441594\" data-element_type=\"widget\" data-widget_type=\"text-editor.default\">\n\t\t\t\t<div class=\"elementor-widget-container\">\n\t\t\t<style>\/*! elementor - v3.5.5 - 03-02-2022 *\/\n.elementor-widget-text-editor.elementor-drop-cap-view-stacked .elementor-drop-cap{background-color:#818a91;color:#fff}.elementor-widget-text-editor.elementor-drop-cap-view-framed .elementor-drop-cap{color:#818a91;border:3px solid;background-color:transparent}.elementor-widget-text-editor:not(.elementor-drop-cap-view-default) .elementor-drop-cap{margin-top:8px}.elementor-widget-text-editor:not(.elementor-drop-cap-view-default) .elementor-drop-cap-letter{width:1em;height:1em}.elementor-widget-text-editor .elementor-drop-cap{float:left;text-align:center;line-height:1;font-size:50px}.elementor-widget-text-editor .elementor-drop-cap-letter{display:inline-block}<\/style>\t\t\t\t\t\t\t\t\t\t<\/div>\n\t\t\t\t<\/div>\n\t\t\t\t\t<\/div>\n\t\t<\/div>\n\t\t\t\t\t\t\t<\/div>\n\t\t<\/section>\n\t\t\t\t<section class=\"elementor-section elementor-top-section elementor-element elementor-element-e3cc2b5 elementor-section-boxed elementor-section-height-default elementor-section-height-default\" data-id=\"e3cc2b5\" data-element_type=\"section\">\n\t\t\t\t\t\t<div class=\"elementor-container elementor-column-gap-default\">\n\t\t\t\t\t<div class=\"elementor-column elementor-col-100 elementor-top-column elementor-element elementor-element-bbaab92\" data-id=\"bbaab92\" data-element_type=\"column\">\n\t\t\t<div class=\"elementor-widget-wrap elementor-element-populated\">\n\t\t\t\t\t\t\t\t<div class=\"elementor-element elementor-element-99f6254 elementor-widget elementor-widget-spacer\" data-id=\"99f6254\" data-element_type=\"widget\" data-widget_type=\"spacer.default\">\n\t\t\t\t<div class=\"elementor-widget-container\">\n\t\t\t\t\t<div class=\"elementor-spacer\">\n\t\t\t<div class=\"elementor-spacer-inner\"><\/div>\n\t\t<\/div>\n\t\t\t\t<\/div>\n\t\t\t\t<\/div>\n\t\t\t\t<div class=\"elementor-element elementor-element-3825f5b elementor-widget elementor-widget-heading\" data-id=\"3825f5b\" data-element_type=\"widget\" data-widget_type=\"heading.default\">\n\t\t\t\t<div class=\"elementor-widget-container\">\n\t\t\t<h2 class=\"elementor-heading-title elementor-size-default\">Mapa digital <\/h2>\t\t<\/div>\n\t\t\t\t<\/div>\n\t\t\t\t<div class=\"elementor-element elementor-element-8b91471 elementor-widget elementor-widget-image\" data-id=\"8b91471\" data-element_type=\"widget\" data-widget_type=\"image.default\">\n\t\t\t\t<div class=\"elementor-widget-container\">\n\t\t\t<style>\/*! elementor - v3.5.5 - 03-02-2022 *\/\n.elementor-widget-image{text-align:center}.elementor-widget-image a{display:inline-block}.elementor-widget-image a img[src$=\".svg\"]{width:48px}.elementor-widget-image img{vertical-align:middle;display:inline-block}<\/style>\t\t\t\t\t\t\t\t\t<figure class=\"wp-caption\">\n\t\t\t\t\t\t\t\t\t\t\t<a href=\"https:\/\/jalpadecanovas.mx\/wp-content\/uploads\/2022\/06\/Mapa-WEB-1920-x-1080.jpg\" data-elementor-open-lightbox=\"yes\" data-elementor-lightbox-title=\"Mapa WEB (1920 x 1080)\">\n\t\t\t\t\t\t\t<img loading=\"lazy\" decoding=\"async\" width=\"1024\" height=\"576\" data-src=\"https:\/\/jalpadecanovas.mx\/wp-content\/uploads\/2022\/06\/Mapa-WEB-1920-x-1080.jpg\" class=\"attachment-large size-large lazyload\" alt=\"\" src=\"data:image\/gif;base64,R0lGODlhAQABAAAAACH5BAEKAAEALAAAAAABAAEAAAICTAEAOw==\" style=\"--smush-placeholder-width: 1024px; --smush-placeholder-aspect-ratio: 1024\/576;\" \/><noscript><img loading=\"lazy\" decoding=\"async\" width=\"1024\" height=\"576\" src=\"https:\/\/jalpadecanovas.mx\/wp-content\/uploads\/2022\/06\/Mapa-WEB-1920-x-1080.jpg\" class=\"attachment-large size-large\" alt=\"\" \/><\/noscript>\t\t\t\t\t\t\t\t<\/a>\n\t\t\t\t\t\t\t\t\t\t\t<figcaption class=\"widget-image-caption wp-caption-text\">Mapa digital<\/figcaption>\n\t\t\t\t\t\t\t\t\t\t<\/figure>\n\t\t\t\t\t\t\t\t\t<\/div>\n\t\t\t\t<\/div>\n\t\t\t\t\t<\/div>\n\t\t<\/div>\n\t\t\t\t\t\t\t<\/div>\n\t\t<\/section>\n\t\t\t\t\t\t<\/div>\n\t\t\t\t\t<\/div>\n\t\t","protected":false},"excerpt":{"rendered":"<p>MAPA TUR\u00cdSTICO Mapa digital Mapa digital<\/p>\n","protected":false},"author":1,"featured_media":0,"parent":0,"menu_order":0,"comment_status":"closed","ping_status":"closed","template":"","meta":{"site-sidebar-layout":"no-sidebar","site-content-layout":"page-builder","ast-main-header-display":"","ast-hfb-above-header-display":"","ast-hfb-below-header-display":"","ast-hfb-mobile-header-display":"","site-post-title":"disabled","ast-breadcrumbs-content":"","ast-featured-img":"disabled","footer-sml-layout":"","theme-transparent-header-meta":"enabled","adv-header-id-meta":"","stick-header-meta":"","header-above-stick-meta":"","header-main-stick-meta":"","header-below-stick-meta":"","footnotes":""},"class_list":["post-622","page","type-page","status-publish","hentry"],"yoast_head":"<!-- This site is optimized with the Yoast SEO plugin v22.8 - https:\/\/yoast.com\/wordpress\/plugins\/seo\/ -->\n<title>MAPA TUR\u00cdSTICO - Jalpa de C\u00e1novas | Pueblo M\u00e1gico<\/title>\n<meta name=\"description\" content=\"Mapa tur\u00edstico digital, encuentra sitios asombros que cuentan grandes historias, pi\u00e9rdete en el tiempo y sal de la rutina\" \/>\n<meta name=\"robots\" content=\"index, follow, max-snippet:-1, max-image-preview:large, max-video-preview:-1\" \/>\n<link rel=\"canonical\" href=\"https:\/\/jalpadecanovas.mx\/?page_id=622\" \/>\n<meta property=\"og:locale\" content=\"es_MX\" \/>\n<meta property=\"og:type\" content=\"article\" \/>\n<meta property=\"og:title\" content=\"MAPA TUR\u00cdSTICO - Jalpa de C\u00e1novas | Pueblo M\u00e1gico\" \/>\n<meta property=\"og:description\" content=\"Mapa tur\u00edstico digital, encuentra sitios asombros que cuentan grandes historias, pi\u00e9rdete en el tiempo y sal de la rutina\" \/>\n<meta property=\"og:url\" content=\"https:\/\/jalpadecanovas.mx\/?page_id=622\" \/>\n<meta property=\"og:site_name\" content=\"Jalpa de C\u00e1novas | Pueblo M\u00e1gico\" \/>\n<meta property=\"article:publisher\" content=\"https:\/\/www.facebook.com\/JALPAMAGICO\/\" \/>\n<meta property=\"article:modified_time\" content=\"2024-06-06T19:31:17+00:00\" \/>\n<meta property=\"og:image\" content=\"https:\/\/jalpadecanovas.mx\/wp-content\/uploads\/2022\/06\/Mapa-WEB-1920-x-1080.jpg\" \/>\n<meta name=\"twitter:card\" content=\"summary_large_image\" \/>\n<meta name=\"twitter:label1\" content=\"Tiempo de lectura\" \/>\n\t<meta name=\"twitter:data1\" content=\"1 minuto\" \/>\n<script type=\"application\/ld+json\" class=\"yoast-schema-graph\">{\"@context\":\"https:\/\/schema.org\",\"@graph\":[{\"@type\":\"WebPage\",\"@id\":\"https:\/\/jalpadecanovas.mx\/?page_id=622\",\"url\":\"https:\/\/jalpadecanovas.mx\/?page_id=622\",\"name\":\"MAPA TUR\u00cdSTICO - Jalpa de C\u00e1novas | Pueblo M\u00e1gico\",\"isPartOf\":{\"@id\":\"https:\/\/jalpadecanovas.mx\/#website\"},\"primaryImageOfPage\":{\"@id\":\"https:\/\/jalpadecanovas.mx\/?page_id=622#primaryimage\"},\"image\":{\"@id\":\"https:\/\/jalpadecanovas.mx\/?page_id=622#primaryimage\"},\"thumbnailUrl\":\"https:\/\/jalpadecanovas.mx\/wp-content\/uploads\/2022\/06\/Mapa-WEB-1920-x-1080.jpg\",\"datePublished\":\"2022-02-21T16:39:41+00:00\",\"dateModified\":\"2024-06-06T19:31:17+00:00\",\"description\":\"Mapa tur\u00edstico digital, encuentra sitios asombros que cuentan grandes historias, pi\u00e9rdete en el tiempo y sal de la rutina\",\"breadcrumb\":{\"@id\":\"https:\/\/jalpadecanovas.mx\/?page_id=622#breadcrumb\"},\"inLanguage\":\"es\",\"potentialAction\":[{\"@type\":\"ReadAction\",\"target\":[\"https:\/\/jalpadecanovas.mx\/?page_id=622\"]}]},{\"@type\":\"ImageObject\",\"inLanguage\":\"es\",\"@id\":\"https:\/\/jalpadecanovas.mx\/?page_id=622#primaryimage\",\"url\":\"https:\/\/jalpadecanovas.mx\/wp-content\/uploads\/2022\/06\/Mapa-WEB-1920-x-1080.jpg\",\"contentUrl\":\"https:\/\/jalpadecanovas.mx\/wp-content\/uploads\/2022\/06\/Mapa-WEB-1920-x-1080.jpg\"},{\"@type\":\"BreadcrumbList\",\"@id\":\"https:\/\/jalpadecanovas.mx\/?page_id=622#breadcrumb\",\"itemListElement\":[{\"@type\":\"ListItem\",\"position\":1,\"name\":\"Inicio\",\"item\":\"https:\/\/jalpadecanovas.mx\/\"},{\"@type\":\"ListItem\",\"position\":2,\"name\":\"MAPA TUR\u00cdSTICO\"}]},{\"@type\":\"WebSite\",\"@id\":\"https:\/\/jalpadecanovas.mx\/#website\",\"url\":\"https:\/\/jalpadecanovas.mx\/\",\"name\":\"Jalpa de C\u00e1novas | Pueblo M\u00e1gico\",\"description\":\"Jalpa de C\u00e1novas Pueblo M\u00e1gico, Pur\u00edsima del Rinc\u00f3n, Guanajuato. Sitio oficial\",\"publisher\":{\"@id\":\"https:\/\/jalpadecanovas.mx\/#organization\"},\"potentialAction\":[{\"@type\":\"SearchAction\",\"target\":{\"@type\":\"EntryPoint\",\"urlTemplate\":\"https:\/\/jalpadecanovas.mx\/?s={search_term_string}\"},\"query-input\":\"required name=search_term_string\"}],\"inLanguage\":\"es\"},{\"@type\":\"Organization\",\"@id\":\"https:\/\/jalpadecanovas.mx\/#organization\",\"name\":\"Municipio de Pur\u00edsima del Rinc\u00f3n\",\"url\":\"https:\/\/jalpadecanovas.mx\/\",\"logo\":{\"@type\":\"ImageObject\",\"inLanguage\":\"es\",\"@id\":\"https:\/\/jalpadecanovas.mx\/#\/schema\/logo\/image\/\",\"url\":\"https:\/\/jalpadecanovas.mx\/wp-content\/uploads\/2022\/07\/PAGINA-13.png\",\"contentUrl\":\"https:\/\/jalpadecanovas.mx\/wp-content\/uploads\/2022\/07\/PAGINA-13.png\",\"width\":873,\"height\":343,\"caption\":\"Municipio de Pur\u00edsima del Rinc\u00f3n\"},\"image\":{\"@id\":\"https:\/\/jalpadecanovas.mx\/#\/schema\/logo\/image\/\"},\"sameAs\":[\"https:\/\/www.facebook.com\/JALPAMAGICO\/\",\"https:\/\/www.instagram.com\/jalpamagico\/?utm_medium=copy_link\"]}]}<\/script>\n<!-- \/ Yoast SEO plugin. -->","yoast_head_json":{"title":"MAPA TUR\u00cdSTICO - Jalpa de C\u00e1novas | Pueblo M\u00e1gico","description":"Mapa tur\u00edstico digital, encuentra sitios asombros que cuentan grandes historias, pi\u00e9rdete en el tiempo y sal de la rutina","robots":{"index":"index","follow":"follow","max-snippet":"max-snippet:-1","max-image-preview":"max-image-preview:large","max-video-preview":"max-video-preview:-1"},"canonical":"https:\/\/jalpadecanovas.mx\/?page_id=622","og_locale":"es_MX","og_type":"article","og_title":"MAPA TUR\u00cdSTICO - Jalpa de C\u00e1novas | Pueblo M\u00e1gico","og_description":"Mapa tur\u00edstico digital, encuentra sitios asombros que cuentan grandes historias, pi\u00e9rdete en el tiempo y sal de la rutina","og_url":"https:\/\/jalpadecanovas.mx\/?page_id=622","og_site_name":"Jalpa de C\u00e1novas | Pueblo M\u00e1gico","article_publisher":"https:\/\/www.facebook.com\/JALPAMAGICO\/","article_modified_time":"2024-06-06T19:31:17+00:00","og_image":[{"url":"https:\/\/jalpadecanovas.mx\/wp-content\/uploads\/2022\/06\/Mapa-WEB-1920-x-1080.jpg"}],"twitter_card":"summary_large_image","twitter_misc":{"Tiempo de lectura":"1 minuto"},"schema":{"@context":"https:\/\/schema.org","@graph":[{"@type":"WebPage","@id":"https:\/\/jalpadecanovas.mx\/?page_id=622","url":"https:\/\/jalpadecanovas.mx\/?page_id=622","name":"MAPA TUR\u00cdSTICO - Jalpa de C\u00e1novas | Pueblo M\u00e1gico","isPartOf":{"@id":"https:\/\/jalpadecanovas.mx\/#website"},"primaryImageOfPage":{"@id":"https:\/\/jalpadecanovas.mx\/?page_id=622#primaryimage"},"image":{"@id":"https:\/\/jalpadecanovas.mx\/?page_id=622#primaryimage"},"thumbnailUrl":"https:\/\/jalpadecanovas.mx\/wp-content\/uploads\/2022\/06\/Mapa-WEB-1920-x-1080.jpg","datePublished":"2022-02-21T16:39:41+00:00","dateModified":"2024-06-06T19:31:17+00:00","description":"Mapa tur\u00edstico digital, encuentra sitios asombros que cuentan grandes historias, pi\u00e9rdete en el tiempo y sal de la rutina","breadcrumb":{"@id":"https:\/\/jalpadecanovas.mx\/?page_id=622#breadcrumb"},"inLanguage":"es","potentialAction":[{"@type":"ReadAction","target":["https:\/\/jalpadecanovas.mx\/?page_id=622"]}]},{"@type":"ImageObject","inLanguage":"es","@id":"https:\/\/jalpadecanovas.mx\/?page_id=622#primaryimage","url":"https:\/\/jalpadecanovas.mx\/wp-content\/uploads\/2022\/06\/Mapa-WEB-1920-x-1080.jpg","contentUrl":"https:\/\/jalpadecanovas.mx\/wp-content\/uploads\/2022\/06\/Mapa-WEB-1920-x-1080.jpg"},{"@type":"BreadcrumbList","@id":"https:\/\/jalpadecanovas.mx\/?page_id=622#breadcrumb","itemListElement":[{"@type":"ListItem","position":1,"name":"Inicio","item":"https:\/\/jalpadecanovas.mx\/"},{"@type":"ListItem","position":2,"name":"MAPA TUR\u00cdSTICO"}]},{"@type":"WebSite","@id":"https:\/\/jalpadecanovas.mx\/#website","url":"https:\/\/jalpadecanovas.mx\/","name":"Jalpa de C\u00e1novas | Pueblo M\u00e1gico","description":"Jalpa de C\u00e1novas Pueblo M\u00e1gico, Pur\u00edsima del Rinc\u00f3n, Guanajuato. Sitio oficial","publisher":{"@id":"https:\/\/jalpadecanovas.mx\/#organization"},"potentialAction":[{"@type":"SearchAction","target":{"@type":"EntryPoint","urlTemplate":"https:\/\/jalpadecanovas.mx\/?s={search_term_string}"},"query-input":"required name=search_term_string"}],"inLanguage":"es"},{"@type":"Organization","@id":"https:\/\/jalpadecanovas.mx\/#organization","name":"Municipio de Pur\u00edsima del Rinc\u00f3n","url":"https:\/\/jalpadecanovas.mx\/","logo":{"@type":"ImageObject","inLanguage":"es","@id":"https:\/\/jalpadecanovas.mx\/#\/schema\/logo\/image\/","url":"https:\/\/jalpadecanovas.mx\/wp-content\/uploads\/2022\/07\/PAGINA-13.png","contentUrl":"https:\/\/jalpadecanovas.mx\/wp-content\/uploads\/2022\/07\/PAGINA-13.png","width":873,"height":343,"caption":"Municipio de Pur\u00edsima del Rinc\u00f3n"},"image":{"@id":"https:\/\/jalpadecanovas.mx\/#\/schema\/logo\/image\/"},"sameAs":["https:\/\/www.facebook.com\/JALPAMAGICO\/","https:\/\/www.instagram.com\/jalpamagico\/?utm_medium=copy_link"]}]}},"_links":{"self":[{"href":"https:\/\/jalpadecanovas.mx\/index.php?rest_route=\/wp\/v2\/pages\/622","targetHints":{"allow":["GET"]}}],"collection":[{"href":"https:\/\/jalpadecanovas.mx\/index.php?rest_route=\/wp\/v2\/pages"}],"about":[{"href":"https:\/\/jalpadecanovas.mx\/index.php?rest_route=\/wp\/v2\/types\/page"}],"author":[{"embeddable":true,"href":"https:\/\/jalpadecanovas.mx\/index.php?rest_route=\/wp\/v2\/users\/1"}],"replies":[{"embeddable":true,"href":"https:\/\/jalpadecanovas.mx\/index.php?rest_route=%2Fwp%2Fv2%2Fcomments&post=622"}],"version-history":[{"count":42,"href":"https:\/\/jalpadecanovas.mx\/index.php?rest_route=\/wp\/v2\/pages\/622\/revisions"}],"predecessor-version":[{"id":1490,"href":"https:\/\/jalpadecanovas.mx\/index.php?rest_route=\/wp\/v2\/pages\/622\/revisions\/1490"}],"wp:attachment":[{"href":"https:\/\/jalpadecanovas.mx\/index.php?rest_route=%2Fwp%2Fv2%2Fmedia&parent=622"}],"curies":[{"name":"wp","href":"https:\/\/api.w.org\/{rel}","templated":true}]}}